{"id":2167,"date":"2020-04-09T18:56:11","date_gmt":"2020-04-09T18:56:11","guid":{"rendered":"http:\/\/www.atomic-sped.at\/home-2\/"},"modified":"2021-02-04T12:53:50","modified_gmt":"2021-02-04T12:53:50","slug":"uber-uns","status":"publish","type":"page","link":"https:\/\/www.atomic-sped.at\/en\/uber-uns\/","title":{"rendered":"ABOUT US"},"content":{"rendered":"<div class=\"vc_row wpb_row vc_row-fluid\"><div class=\"parallax-wrapper\"><div class=\"wpb_column vc_column_container vc_col-sm-12\"><div class=\"vc_column-inner\"><div class=\"wpb_wrapper\"><div class=\"vc_tta-container\" data-vc-action=\"collapse\"><div class=\"vc_general vc_tta vc_tta-tabs vc_tta-color-grey vc_tta-style-classic vc_tta-shape-rounded vc_tta-spacing-1 vc_tta-tabs-position-top vc_tta-controls-align-left\"><div class=\"vc_tta-tabs-container\"><ul class=\"vc_tta-tabs-list\"><li class=\"vc_tta-tab vc_active\" data-vc-tab><a href=\"#1587140775328-94282d84-d32c\" data-vc-tabs data-vc-container=\".vc_tta\"><i class=\"vc_tta-icon\"><\/i><span class=\"vc_tta-title-text\">History<\/span><\/a><\/li><li class=\"vc_tta-tab\" data-vc-tab><a href=\"#1587140775345-e5573b84-b57c\" data-vc-tabs data-vc-container=\".vc_tta\"><i class=\"vc_tta-icon\"><\/i><span class=\"vc_tta-title-text\">Vehicles<\/span><\/a><\/li><li class=\"vc_tta-tab\" data-vc-tab><a href=\"#1587143344354-03cab922-9dfd\" data-vc-tabs data-vc-container=\".vc_tta\"><span class=\"vc_tta-title-text\">Galery<\/span><\/a><\/li><\/ul><\/div><div class=\"vc_tta-panels-container\"><div class=\"vc_tta-panels\"><div class=\"vc_tta-panel vc_active\" id=\"1587140775328-94282d84-d32c\" data-vc-content=\".vc_tta-panel-body\"><div class=\"vc_tta-panel-heading\"><h4 class=\"vc_tta-panel-title\"><a href=\"#1587140775328-94282d84-d32c\" data-vc-accordion data-vc-container=\".vc_tta-container\"><i class=\"vc_tta-icon\"><\/i><span class=\"vc_tta-title-text\">History<\/span><\/a><\/h4><\/div><div class=\"vc_tta-panel-body\">\n\t<div class=\"wpb_text_column wpb_content_element  wpb_animate_when_almost_visible wpb_fadeInDown fadeInDown\" >\n\t\t<div class=\"wpb_wrapper\">\n\t\t\t<p>Idea about starting company came by its own, as symbiosis of experience and youth energy.<\/p>\n<p>Unser erstes Fahrzeug trat 2017 mit einem bescheidenen B\u00fcro in Kraft. Rasch kam es zu einer rapiden Entwicklung unseres Kleinunternehmens und somit wuchsen auch die Kundenanfragen. Die hohe Kundenzufriedenheit erm\u00f6glichte uns 2019 mehr Spielraum und wir f\u00fchrten auch das Umzugsangebot in unser Unternehmen ein.<\/p>\n<p>F\u00fcr ATOMIC SPED ist dieser Erfolg eine Best\u00e4tigung der Qualit\u00e4t unserer Arbeit und des Wunsches unseren Kunden im europ\u00e4ischen Raum den bestm\u00f6glichen Service zu bieten.<\/p>\n\n\t\t<\/div>\n\t<\/div>\n<\/div><\/div><div class=\"vc_tta-panel\" id=\"1587140775345-e5573b84-b57c\" data-vc-content=\".vc_tta-panel-body\"><div class=\"vc_tta-panel-heading\"><h4 class=\"vc_tta-panel-title\"><a href=\"#1587140775345-e5573b84-b57c\" data-vc-accordion data-vc-container=\".vc_tta-container\"><i class=\"vc_tta-icon\"><\/i><span class=\"vc_tta-title-text\">Vehicles<\/span><\/a><\/h4><\/div><div class=\"vc_tta-panel-body\">\n\t<div class=\"wpb_text_column wpb_content_element  wpb_animate_when_almost_visible wpb_fadeInDown fadeInDown\" >\n\t\t<div class=\"wpb_wrapper\">\n\t\t\t<p>Vehicle overview:<\/p>\n<p>2 x Renault Master curtain trucks:<\/p>\n<p>- Load capacity 1.1 t btt<br \/>\n- 9 EUR pallet spaces<br \/>\n- Cargo space dimensions: 4.45 x 2.2 x 2.3 m<\/p>\n<p>VW Crafter and Iveco Transporter:<\/p>\n<p>- Load capacity 1.2 t btt<br \/>\n- Cargo space dimensions: 4.7 x 1.75 x 1.90 m<br \/>\n- Dimensions of the side door: 1.30 m wide x 1.80 m high<br \/>\n- Dimensions of the rear door: 1.65 m wide x 1.80 m high<\/p>\n<p>All vehicles are CMR insured to the amount of 50,000.00 EUR, which can be increased at the customer's request.<\/p>\n\n\t\t<\/div>\n\t<\/div>\n<\/div><\/div><div class=\"vc_tta-panel\" id=\"1587143344354-03cab922-9dfd\" data-vc-content=\".vc_tta-panel-body\"><div class=\"vc_tta-panel-heading\"><h4 class=\"vc_tta-panel-title\"><a href=\"#1587143344354-03cab922-9dfd\" data-vc-accordion data-vc-container=\".vc_tta-container\"><span class=\"vc_tta-title-text\">Galery<\/span><\/a><\/h4><\/div><div class=\"vc_tta-panel-body\">\n<div class=\"vc_grid-container-wrapper vc_clearfix\">\n\t<div class=\"vc_grid-container vc_clearfix wpb_content_element vc_media_grid\" data-initial-loading-animation=\"fadeIn\" data-vc-grid-settings=\"{&quot;page_id&quot;:2167,&quot;style&quot;:&quot;pagination&quot;,&quot;action&quot;:&quot;vc_get_vc_grid_data&quot;,&quot;shortcode_id&quot;:&quot;1612443101888-ce076e8f-fd62-3&quot;,&quot;items_per_page&quot;:&quot;10&quot;,&quot;auto_play&quot;:false,&quot;gap&quot;:5,&quot;speed&quot;:-1000,&quot;loop&quot;:&quot;yes&quot;,&quot;animation_in&quot;:&quot;&quot;,&quot;animation_out&quot;:&quot;&quot;,&quot;arrows_design&quot;:&quot;vc_arrow-icon-arrow_10_left&quot;,&quot;arrows_color&quot;:&quot;blue&quot;,&quot;arrows_position&quot;:&quot;inside&quot;,&quot;paging_design&quot;:&quot;radio_dots&quot;,&quot;paging_color&quot;:&quot;grey&quot;,&quot;tag&quot;:&quot;vc_media_grid&quot;}\" data-vc-request=\"https:\/\/www.atomic-sped.at\/wp-admin\/admin-ajax.php\" data-vc-post-id=\"2167\" data-vc-public-nonce=\"52ec899ad5\">\n\t\t\n\t<\/div>\n<\/div><\/div><\/div><\/div><\/div><\/div><\/div><\/div><\/div><\/div><\/div><\/div>","protected":false},"excerpt":{"rendered":"GeschichteFlotteGalerieGeschichte Die Gr\u00fcndungsidee unseres Unternehmens entstand durch einen spontanen Einfall, der von uns Gr\u00fcndern mit Elan und einer Ausdauerst\u00e4rke in die Realit\u00e4t umgesetzt wurde. Unser erstes Fahrzeug trat 2017 mit [...]","protected":false},"author":1,"featured_media":0,"parent":1569,"menu_order":0,"comment_status":"closed","ping_status":"closed","template":"","meta":{"footnotes":""},"class_list":["post-2167","page","type-page","status-publish","hentry"],"yoast_head":"<!-- This site is optimized with the Yoast SEO plugin v27.4 - https:\/\/yoast.com\/product\/yoast-seo-wordpress\/ -->\n<title>\u00dcBER UNS - ATOMIC SPED<\/title>\n<meta name=\"description\" content=\"\u00dcBER UNS\" \/>\n<meta name=\"robots\" content=\"index, follow, max-snippet:-1, max-image-preview:large, max-video-preview:-1\" \/>\n<link rel=\"canonical\" href=\"https:\/\/www.atomic-sped.at\/en\/uber-uns\/\" \/>\n<meta property=\"og:locale\" content=\"en_GB\" \/>\n<meta property=\"og:type\" content=\"article\" \/>\n<meta property=\"og:title\" content=\"\u00dcBER UNS - ATOMIC SPED\" \/>\n<meta property=\"og:description\" content=\"\u00dcBER UNS\" \/>\n<meta property=\"og:url\" content=\"https:\/\/www.atomic-sped.at\/en\/uber-uns\/\" \/>\n<meta property=\"og:site_name\" content=\"ATOMIC SPED\" \/>\n<meta property=\"article:publisher\" content=\"https:\/\/www.facebook.com\/atomicspeddoo\/\" \/>\n<meta property=\"article:modified_time\" content=\"2021-02-04T12:53:50+00:00\" \/>\n<meta name=\"twitter:card\" content=\"summary_large_image\" \/>\n<meta name=\"twitter:label1\" content=\"Estimated reading time\" \/>\n\t<meta name=\"twitter:data1\" content=\"1 minute\" \/>\n<script type=\"application\/ld+json\" class=\"yoast-schema-graph\">{\"@context\":\"https:\\\/\\\/schema.org\",\"@graph\":[{\"@type\":\"WebPage\",\"@id\":\"https:\\\/\\\/www.atomic-sped.at\\\/en\\\/uber-uns\\\/\",\"url\":\"https:\\\/\\\/www.atomic-sped.at\\\/en\\\/uber-uns\\\/\",\"name\":\"\u00dcBER UNS - ATOMIC SPED\",\"isPartOf\":{\"@id\":\"https:\\\/\\\/www.atomic-sped.at\\\/en\\\/#website\"},\"datePublished\":\"2020-04-09T18:56:11+00:00\",\"dateModified\":\"2021-02-04T12:53:50+00:00\",\"description\":\"\u00dcBER UNS\",\"breadcrumb\":{\"@id\":\"https:\\\/\\\/www.atomic-sped.at\\\/en\\\/uber-uns\\\/#breadcrumb\"},\"inLanguage\":\"en-GB\",\"potentialAction\":[{\"@type\":\"ReadAction\",\"target\":[\"https:\\\/\\\/www.atomic-sped.at\\\/en\\\/uber-uns\\\/\"]}]},{\"@type\":\"BreadcrumbList\",\"@id\":\"https:\\\/\\\/www.atomic-sped.at\\\/en\\\/uber-uns\\\/#breadcrumb\",\"itemListElement\":[{\"@type\":\"ListItem\",\"position\":1,\"name\":\"Home\",\"item\":\"https:\\\/\\\/www.atomic-sped.at\\\/\"},{\"@type\":\"ListItem\",\"position\":2,\"name\":\"Transport und Logistik\",\"item\":\"https:\\\/\\\/www.atomic-sped.at\\\/\"},{\"@type\":\"ListItem\",\"position\":3,\"name\":\"\u00dcBER UNS\"}]},{\"@type\":\"WebSite\",\"@id\":\"https:\\\/\\\/www.atomic-sped.at\\\/en\\\/#website\",\"url\":\"https:\\\/\\\/www.atomic-sped.at\\\/en\\\/\",\"name\":\"ATOMIC Sped - \u0160pedicija Srbije i cele Evrope\",\"description\":\"Internationaler Transport und Logistik\",\"publisher\":{\"@id\":\"https:\\\/\\\/www.atomic-sped.at\\\/en\\\/#organization\"},\"potentialAction\":[{\"@type\":\"SearchAction\",\"target\":{\"@type\":\"EntryPoint\",\"urlTemplate\":\"https:\\\/\\\/www.atomic-sped.at\\\/en\\\/?s={search_term_string}\"},\"query-input\":{\"@type\":\"PropertyValueSpecification\",\"valueRequired\":true,\"valueName\":\"search_term_string\"}}],\"inLanguage\":\"en-GB\"},{\"@type\":\"Organization\",\"@id\":\"https:\\\/\\\/www.atomic-sped.at\\\/en\\\/#organization\",\"name\":\"Atomic Sped\",\"url\":\"https:\\\/\\\/www.atomic-sped.at\\\/en\\\/\",\"logo\":{\"@type\":\"ImageObject\",\"inLanguage\":\"en-GB\",\"@id\":\"https:\\\/\\\/www.atomic-sped.at\\\/en\\\/#\\\/schema\\\/logo\\\/image\\\/\",\"url\":\"https:\\\/\\\/www.atomic-sped.at\\\/wp-content\\\/uploads\\\/2018\\\/10\\\/atomic-logo-ORG.png\",\"contentUrl\":\"https:\\\/\\\/www.atomic-sped.at\\\/wp-content\\\/uploads\\\/2018\\\/10\\\/atomic-logo-ORG.png\",\"width\":2482,\"height\":609,\"caption\":\"Atomic Sped\"},\"image\":{\"@id\":\"https:\\\/\\\/www.atomic-sped.at\\\/en\\\/#\\\/schema\\\/logo\\\/image\\\/\"},\"sameAs\":[\"https:\\\/\\\/www.facebook.com\\\/atomicspeddoo\\\/\"]}]}<\/script>\n<!-- \/ Yoast SEO plugin. -->","yoast_head_json":{"title":"\u00dcBER UNS - ATOMIC SPED","description":"ABOUT US","robots":{"index":"index","follow":"follow","max-snippet":"max-snippet:-1","max-image-preview":"max-image-preview:large","max-video-preview":"max-video-preview:-1"},"canonical":"https:\/\/www.atomic-sped.at\/en\/uber-uns\/","og_locale":"en_GB","og_type":"article","og_title":"\u00dcBER UNS - ATOMIC SPED","og_description":"\u00dcBER UNS","og_url":"https:\/\/www.atomic-sped.at\/en\/uber-uns\/","og_site_name":"ATOMIC SPED","article_publisher":"https:\/\/www.facebook.com\/atomicspeddoo\/","article_modified_time":"2021-02-04T12:53:50+00:00","twitter_card":"summary_large_image","twitter_misc":{"Estimated reading time":"1 minute"},"schema":{"@context":"https:\/\/schema.org","@graph":[{"@type":"WebPage","@id":"https:\/\/www.atomic-sped.at\/en\/uber-uns\/","url":"https:\/\/www.atomic-sped.at\/en\/uber-uns\/","name":"\u00dcBER UNS - ATOMIC SPED","isPartOf":{"@id":"https:\/\/www.atomic-sped.at\/en\/#website"},"datePublished":"2020-04-09T18:56:11+00:00","dateModified":"2021-02-04T12:53:50+00:00","description":"ABOUT US","breadcrumb":{"@id":"https:\/\/www.atomic-sped.at\/en\/uber-uns\/#breadcrumb"},"inLanguage":"en-GB","potentialAction":[{"@type":"ReadAction","target":["https:\/\/www.atomic-sped.at\/en\/uber-uns\/"]}]},{"@type":"BreadcrumbList","@id":"https:\/\/www.atomic-sped.at\/en\/uber-uns\/#breadcrumb","itemListElement":[{"@type":"ListItem","position":1,"name":"Home","item":"https:\/\/www.atomic-sped.at\/"},{"@type":"ListItem","position":2,"name":"Transport und Logistik","item":"https:\/\/www.atomic-sped.at\/"},{"@type":"ListItem","position":3,"name":"\u00dcBER UNS"}]},{"@type":"WebSite","@id":"https:\/\/www.atomic-sped.at\/en\/#website","url":"https:\/\/www.atomic-sped.at\/en\/","name":"ATOMIC Sped - \u0160pedicija Srbije i cele Evrope","description":"Internationaler Transport und Logistik","publisher":{"@id":"https:\/\/www.atomic-sped.at\/en\/#organization"},"potentialAction":[{"@type":"SearchAction","target":{"@type":"EntryPoint","urlTemplate":"https:\/\/www.atomic-sped.at\/en\/?s={search_term_string}"},"query-input":{"@type":"PropertyValueSpecification","valueRequired":true,"valueName":"search_term_string"}}],"inLanguage":"en-GB"},{"@type":"Organization","@id":"https:\/\/www.atomic-sped.at\/en\/#organization","name":"Atomic Sped","url":"https:\/\/www.atomic-sped.at\/en\/","logo":{"@type":"ImageObject","inLanguage":"en-GB","@id":"https:\/\/www.atomic-sped.at\/en\/#\/schema\/logo\/image\/","url":"https:\/\/www.atomic-sped.at\/wp-content\/uploads\/2018\/10\/atomic-logo-ORG.png","contentUrl":"https:\/\/www.atomic-sped.at\/wp-content\/uploads\/2018\/10\/atomic-logo-ORG.png","width":2482,"height":609,"caption":"Atomic Sped"},"image":{"@id":"https:\/\/www.atomic-sped.at\/en\/#\/schema\/logo\/image\/"},"sameAs":["https:\/\/www.facebook.com\/atomicspeddoo\/"]}]}},"_links":{"self":[{"href":"https:\/\/www.atomic-sped.at\/en\/wp-json\/wp\/v2\/pages\/2167","targetHints":{"allow":["GET"]}}],"collection":[{"href":"https:\/\/www.atomic-sped.at\/en\/wp-json\/wp\/v2\/pages"}],"about":[{"href":"https:\/\/www.atomic-sped.at\/en\/wp-json\/wp\/v2\/types\/page"}],"author":[{"embeddable":true,"href":"https:\/\/www.atomic-sped.at\/en\/wp-json\/wp\/v2\/users\/1"}],"replies":[{"embeddable":true,"href":"https:\/\/www.atomic-sped.at\/en\/wp-json\/wp\/v2\/comments?post=2167"}],"version-history":[{"count":17,"href":"https:\/\/www.atomic-sped.at\/en\/wp-json\/wp\/v2\/pages\/2167\/revisions"}],"predecessor-version":[{"id":2889,"href":"https:\/\/www.atomic-sped.at\/en\/wp-json\/wp\/v2\/pages\/2167\/revisions\/2889"}],"up":[{"embeddable":true,"href":"https:\/\/www.atomic-sped.at\/en\/wp-json\/wp\/v2\/pages\/1569"}],"wp:attachment":[{"href":"https:\/\/www.atomic-sped.at\/en\/wp-json\/wp\/v2\/media?parent=2167"}],"curies":[{"name":"wp","href":"https:\/\/api.w.org\/{rel}","templated":true}]}}