{"id":2355,"date":"2020-05-02T16:19:29","date_gmt":"2020-05-02T16:19:29","guid":{"rendered":"http:\/\/www.atomic-sped.at\/?page_id=2355"},"modified":"2020-12-30T08:51:05","modified_gmt":"2020-12-30T08:51:05","slug":"schiffstransport","status":"publish","type":"page","link":"https:\/\/www.atomic-sped.at\/en\/schiffstransport\/","title":{"rendered":"SCHIFFSTRANSPORT"},"content":{"rendered":"<div class=\"vc_row wpb_row vc_row-fluid\"><div class=\"parallax-wrapper\"><div class=\"wpb_column vc_column_container vc_col-sm-12 vc_col-lg-offset-0 vc_col-md-offset-0\"><div class=\"vc_column-inner\"><div class=\"wpb_wrapper\">\n\t<div class=\"wpb_single_image wpb_content_element vc_align_center   wpb_animate_when_almost_visible wpb_fadeIn fadeIn\">\n\t\t<div class=\"wpb_wrapper\">\n\t\t\t\n\t\t\t<div class=\"vc_single_image-wrapper vc_box_shadow_3d  vc_box_border_grey\"><span class=\"vc_box_shadow_3d_wrap\"><img loading=\"lazy\" decoding=\"async\" class=\"vc_single_image-img\" src=\"https:\/\/www.atomic-sped.at\/wp-content\/uploads\/2020\/11\/sleper-sa-logoom-1-1024x374-1.jpg\" width=\"1024\" height=\"374\" alt=\"sleper-sa-logoom-1-1024x374\" title=\"sleper-sa-logoom-1-1024x374\" \/><\/span><\/div>\n\t\t<\/div>\n\t<\/div>\n\n\t<div class=\"wpb_text_column wpb_content_element\" >\n\t\t<div class=\"wpb_wrapper\">\n\t\t\t<p>Im Bereich der Schifffahrt k\u00f6nnen wir den Transport von vollst\u00e4ndigen FCL- und Sammel-LCL-Containern aus Asien, China, Amerika, Australien, Afrika und Europa von T\u00fcr zu T\u00fcr sowie die Organisation von \u00fcbergro\u00dfen, fl\u00fcssigen und Masseng\u00fctern sowie ALL RISK-Warenversicherungsdienstleistungen anbieten.<\/p>\n<p>Wir k\u00f6nnen Ihnen auch Teilleistungen anbieten, einschlie\u00dflich der Abholung von Containern von den endg\u00fcltigen Lieferh\u00e4fen und des LKW- \/ Schienenverkehrs zum endg\u00fcltigen Bestimmungsort (mit Zollabfertigung und Lagerung nach Bedarf).<\/p>\n<p>Atomic-sped kooperiert erfolgreich mit allen gro\u00dfen Reedereien (MSC, Maersk, CMA, CGM, Evergreen, Cosco, Hapaq Loyd &#8230;)<\/p>\n<p>Was uns als zuverl\u00e4ssigen Partner auszeichnet, ist die rechtzeitige Benachrichtigung und der vollst\u00e4ndige Schutz des Kunden bis zum Zeitpunkt der \u00dcbernahme der Ware.<\/p>\n<p>\u00dcbersicht der im Seeverkehr eingesetzten Container:<\/p>\n<p>&nbsp;<\/p>\n<table width=\"504\">\n<tbody>\n<tr>\n<td width=\"64\"><\/td>\n<td width=\"62\"><\/td>\n<td width=\"61\"><\/td>\n<td width=\"64\"><\/td>\n<td width=\"61\"><\/td>\n<td width=\"64\"><\/td>\n<td width=\"64\"><\/td>\n<td width=\"64\"><\/td>\n<\/tr>\n<tr>\n<td><\/td>\n<td>\n<table>\n<tbody>\n<tr>\n<td width=\"62\"><\/td>\n<\/tr>\n<\/tbody>\n<\/table>\n<\/td>\n<td><\/td>\n<td><\/td>\n<td><\/td>\n<td><\/td>\n<td><\/td>\n<td><\/td>\n<\/tr>\n<tr>\n<td><\/td>\n<td width=\"62\"><\/td>\n<td colspan=\"2\" width=\"125\"><span style=\"color: #0000ff;\"><span style=\"font-size: 12pt;\">STANDARD 20\u2032<\/span><\/span><\/td>\n<td><\/td>\n<td><\/td>\n<td><\/td>\n<td><\/td>\n<\/tr>\n<tr>\n<td><\/td>\n<td width=\"62\">Kapacitet<\/td>\n<td width=\"61\">1,172 ft\u00b3<\/td>\n<td width=\"64\">33,20 m\u00b3<\/td>\n<td><\/td>\n<td><\/td>\n<td><\/td>\n<td><\/td>\n<\/tr>\n<tr>\n<td><\/td>\n<td width=\"62\">Te\u017eina kontejnera<\/td>\n<td width=\"61\">4,894 lb<\/td>\n<td width=\"64\">2,220 kg<\/td>\n<td><\/td>\n<td><\/td>\n<td><\/td>\n<td><\/td>\n<\/tr>\n<tr>\n<td><\/td>\n<td width=\"62\">Max te\u017eina tereta<\/td>\n<td width=\"61\">62,304 lb<\/td>\n<td width=\"64\">28,260 kg<\/td>\n<td><\/td>\n<td><\/td>\n<td><\/td>\n<td><\/td>\n<\/tr>\n<tr>\n<td><\/td>\n<td width=\"62\">Unutra\u0161nje dimenzije<\/td>\n<td width=\"61\">23\u20191\u2033 x 9\u20192\u2033 x 9\u20194\u2033<\/td>\n<td width=\"64\">5.89 m x 2.35 m x 2.39 m<\/td>\n<td><\/td>\n<td><\/td>\n<td><\/td>\n<td><\/td>\n<\/tr>\n<tr>\n<td><\/td>\n<td width=\"62\">Dimenzije vrata<\/td>\n<td width=\"61\">9\u20192\u2033 x 8\u20199\u2033<\/td>\n<td width=\"64\">2.34 m x 2.28 m<\/td>\n<td><\/td>\n<td><\/td>\n<td><\/td>\n<td><\/td>\n<\/tr>\n<tr>\n<td><\/td>\n<td width=\"62\">\n<table>\n<tbody>\n<tr>\n<td width=\"62\"><\/td>\n<\/tr>\n<\/tbody>\n<\/table>\n<\/td>\n<td colspan=\"2\" width=\"125\"><span style=\"color: #0000ff; font-size: 12pt;\">STANDARD 40\u2032<\/span><\/td>\n<td colspan=\"2\" width=\"125\"><span style=\"color: #0000ff; font-size: 12pt;\">STANDARD HIGHT CUBE 40\u2032<\/span><\/td>\n<td><\/td>\n<td><\/td>\n<\/tr>\n<tr>\n<td><\/td>\n<td width=\"62\">Kapacitet<\/td>\n<td width=\"61\">2,390 ft\u00b3<\/td>\n<td width=\"64\">67.70 m\u00b3<\/td>\n<td width=\"61\">2,698 ft\u00b3<\/td>\n<td width=\"64\">76.40 m\u00b3<\/td>\n<td><\/td>\n<td><\/td>\n<\/tr>\n<tr>\n<td><\/td>\n<td width=\"62\">Te\u017eina kontejnera<\/td>\n<td width=\"61\">8,024 lb<\/td>\n<td width=\"64\">3,640 kg<\/td>\n<td width=\"61\">8,796 lb<\/td>\n<td width=\"64\">3,990 kg<\/td>\n<td><\/td>\n<td><\/td>\n<\/tr>\n<tr>\n<td><\/td>\n<td width=\"62\">Max te\u017eina tereta<\/td>\n<td width=\"61\">63,625 lb<\/td>\n<td width=\"64\">28,860 kg<\/td>\n<td width=\"61\">58,422 lb<\/td>\n<td width=\"64\">26,500 kg<\/td>\n<td><\/td>\n<td><\/td>\n<\/tr>\n<tr>\n<td><\/td>\n<td width=\"62\">Unutra\u0161nje dimenzije<\/td>\n<td width=\"61\">47\u20193\u2033 x 9\u20192\u2033 x 9\u20194\u2033<\/td>\n<td width=\"64\">12.032 m x 2.352 m x 2.393 m<\/td>\n<td width=\"61\">47\u20193\u2033 x 9\u20192\u2033 x 10\u20195\u2033<\/td>\n<td width=\"64\">12.032 m x 2.352 m x 2.69 m<\/td>\n<td><\/td>\n<td><\/td>\n<\/tr>\n<tr>\n<td><\/td>\n<td width=\"62\">Dimenzije vrata<\/td>\n<td width=\"61\">9\u20192\u2033 x 8\u20199\u2033<\/td>\n<td width=\"64\">2.34 m x 2.28 m<\/td>\n<td width=\"61\">9\u20192\u2033 x 10\u20191\u2033<\/td>\n<td width=\"64\">2.34 m x 2.59 m<\/td>\n<td><\/td>\n<td><\/td>\n<\/tr>\n<tr>\n<td><\/td>\n<td width=\"62\">\n<table>\n<tbody>\n<tr>\n<td width=\"62\"><\/td>\n<\/tr>\n<\/tbody>\n<\/table>\n<\/td>\n<td colspan=\"2\" width=\"125\"><span style=\"color: #0000ff; font-size: 12pt;\">OPEN TOP 20\u2032<\/span><\/td>\n<td colspan=\"2\" width=\"125\"><span style=\"color: #0000ff; font-size: 12pt;\">OPEN TOP 40\u2032<\/span><\/td>\n<td><\/td>\n<td><\/td>\n<\/tr>\n<tr>\n<td><\/td>\n<td width=\"62\">Kapacitet<\/td>\n<td width=\"61\">1,136 ft\u00b3<\/td>\n<td width=\"64\">32.16 m\u00b3<\/td>\n<td width=\"61\">2,350 ft\u00b3<\/td>\n<td width=\"64\">66.54 m\u00b3<\/td>\n<td><\/td>\n<td><\/td>\n<\/tr>\n<tr>\n<td><\/td>\n<td width=\"62\">Te\u017eina kontejnera<\/td>\n<td width=\"61\">5,280 lb<\/td>\n<td width=\"64\">2,394 kg<\/td>\n<td width=\"61\">8,490 lb<\/td>\n<td width=\"64\">3,850 kg<\/td>\n<td><\/td>\n<td><\/td>\n<\/tr>\n<tr>\n<td><\/td>\n<td width=\"62\">Max te\u017eina tereta<\/td>\n<td width=\"61\">47,620 lb<\/td>\n<td width=\"64\">21,600 kg<\/td>\n<td width=\"61\">58,710 lb<\/td>\n<td width=\"64\">26,630 kg<\/td>\n<td><\/td>\n<td><\/td>\n<\/tr>\n<tr>\n<td><\/td>\n<td width=\"62\">Unutra\u0161nje dimenzije<\/td>\n<td width=\"61\">19\u20194\u2033 x 7\u20197\u2033 x 7\u20198\u2033<\/td>\n<td width=\"64\">5.89 m x 2.31 mx 2.33 m<\/td>\n<td width=\"61\">39\u20195\u2033 x 7\u20198\u2033 x 7\u20198\u2033<\/td>\n<td width=\"64\">12.01 m x 2.33 m x 2.33 m<\/td>\n<td><\/td>\n<td><\/td>\n<\/tr>\n<tr>\n<td><\/td>\n<td width=\"62\">Dimenzije vrata<\/td>\n<td width=\"61\">7\u20196\u2033 x 7\u20192\u2033<\/td>\n<td width=\"64\">2.28 m x 2.18 m<\/td>\n<td width=\"61\">7\u20198\u2033 x 7\u20195\u2033<\/td>\n<td width=\"64\">2.33 m x 2.26<\/td>\n<td><\/td>\n<td><\/td>\n<\/tr>\n<tr>\n<td><\/td>\n<td width=\"62\">\n<table>\n<tbody>\n<tr>\n<td width=\"62\"><\/td>\n<\/tr>\n<\/tbody>\n<\/table>\n<\/td>\n<td colspan=\"2\" width=\"125\"><span style=\"font-size: 12pt;\"><span style=\"color: #0000ff;\">FRIGO 20\u2032<\/span><\/span><\/td>\n<td colspan=\"2\" width=\"125\"><span style=\"font-size: 12pt;\"><span style=\"color: #0000ff;\">FRIGO 40\u2032<\/span><\/span><\/td>\n<td><\/td>\n<td><\/td>\n<\/tr>\n<tr>\n<td><\/td>\n<td width=\"62\">Kapacitet<\/td>\n<td width=\"61\">999,4 ft\u00b3<\/td>\n<td width=\"64\">28,30 m\u00b3<\/td>\n<td width=\"61\">2,383 ft\u00b3<\/td>\n<td width=\"64\">67,50 m\u00b3<\/td>\n<td><\/td>\n<td><\/td>\n<\/tr>\n<tr>\n<td><\/td>\n<td width=\"62\">Te\u017eina kontejnera<\/td>\n<td width=\"61\">6,481 lb<\/td>\n<td width=\"64\">2,940 kg<\/td>\n<td width=\"61\">8,490 lb<\/td>\n<td width=\"64\">4,600 kg<\/td>\n<td><\/td>\n<td><\/td>\n<\/tr>\n<tr>\n<td><\/td>\n<td width=\"62\">Max te\u017eina tereta<\/td>\n<td width=\"61\">46,385 lb<\/td>\n<td width=\"64\">21,040 kg<\/td>\n<td width=\"61\">58,710 lb<\/td>\n<td width=\"64\">26,400 kg<\/td>\n<td><\/td>\n<td><\/td>\n<\/tr>\n<tr>\n<td><\/td>\n<td width=\"62\">Unutra\u0161nje dimenzije<\/td>\n<td width=\"61\">21\u20194\u2033x 9\u20190\u2033x 8\u20195\u2033<\/td>\n<td width=\"64\">5.456 m x 2.294 m x 2.160 m<\/td>\n<td width=\"61\">45\u20196\u2033 x 9\u20190\u2033 x 9\u20194\u2033<\/td>\n<td width=\"64\">11.59 m x 2.288 m x 2.400 m<\/td>\n<td><\/td>\n<td><\/td>\n<\/tr>\n<tr>\n<td><\/td>\n<td width=\"62\">Dimenzije vrata<\/td>\n<td width=\"61\">8\u20198\u2033x 8\u20199\u2033<\/td>\n<td width=\"64\">2.260 m x 2.264 m<\/td>\n<td width=\"61\">9\u20190\u2033 x 10\u20191\u2033<\/td>\n<td width=\"64\">2.290 m x 2.569 m<\/td>\n<td><\/td>\n<td><\/td>\n<\/tr>\n<tr>\n<td><\/td>\n<td width=\"62\">\n<table>\n<tbody>\n<tr>\n<td width=\"62\"><\/td>\n<\/tr>\n<\/tbody>\n<\/table>\n<\/td>\n<td colspan=\"2\" width=\"125\"><span style=\"font-size: 12pt;\"><span style=\"color: #0000ff;\">FLAT R<\/span><span style=\"color: #0000ff;\">ACK 20\u2032<\/span><\/span><\/td>\n<td colspan=\"2\" width=\"125\"><span style=\"color: #0000ff;\">FLAT RACK 40\u2032<\/span><\/td>\n<td><\/td>\n<td><\/td>\n<\/tr>\n<tr>\n<td><\/td>\n<td width=\"62\">Unutra\u0161nje dimenzije<\/td>\n<td width=\"61\">18\u20195\u2033 x 7\u20193\u2033 x 7\u20194\u2033<\/td>\n<td width=\"64\">5.61 m x 2.20 m x 2.23 m<\/td>\n<td width=\"61\">39\u20197\u2033 x 6\u201910\u201d x 6\u20195\u2033<\/td>\n<td width=\"64\">12.06 m x 2.08 m x 1.95 m<\/td>\n<td><\/td>\n<td><\/td>\n<\/tr>\n<tr>\n<td><\/td>\n<td width=\"62\">Te\u017eina kontejnera<\/td>\n<td width=\"61\">5,578 lb<\/td>\n<td width=\"64\">2,530 kg<\/td>\n<td width=\"61\">12,081 lb<\/td>\n<td width=\"64\">5,497 kg<\/td>\n<td><\/td>\n<td><\/td>\n<\/tr>\n<tr>\n<td><\/td>\n<td width=\"62\">Max te\u017eina tereta<\/td>\n<td width=\"61\">47,333 lb<\/td>\n<td width=\"64\">21,469 kg<\/td>\n<td width=\"61\">85,800 lb<\/td>\n<td width=\"64\">38,918 kg<\/td>\n<td><\/td>\n<td><\/td>\n<\/tr>\n<\/tbody>\n<\/table>\n\n\t\t<\/div>\n\t<\/div>\n<\/div><\/div><\/div><\/div><\/div>","protected":false},"excerpt":{"rendered":"Im Bereich der Schifffahrt k\u00f6nnen wir den Transport von vollst\u00e4ndigen FCL- und Sammel-LCL-Containern aus Asien, China, Amerika, Australien, Afrika und Europa von T\u00fcr zu T\u00fcr sowie die Organisation von \u00fcbergro\u00dfen, [...]","protected":false},"author":1,"featured_media":0,"parent":1569,"menu_order":0,"comment_status":"closed","ping_status":"closed","template":"","meta":{"footnotes":""},"class_list":["post-2355","page","type-page","status-publish","hentry"],"yoast_head":"<!-- This site is optimized with the Yoast SEO plugin v27.5 - https:\/\/yoast.com\/product\/yoast-seo-wordpress\/ -->\n<title>SCHIFFSTRANSPORT - ATOMIC SPED<\/title>\n<meta name=\"description\" content=\"Internationales Versenden. Schiffstransport von vollen FCL-Containern und Sammel-LCL-Sendungen. Die k\u00fcrzeste Transitzeit auf allen Strecken. www.atomic-sped.at\/schiffstransport\" \/>\n<meta name=\"robots\" content=\"index, follow, max-snippet:-1, max-image-preview:large, max-video-preview:-1\" \/>\n<link rel=\"canonical\" href=\"https:\/\/www.atomic-sped.at\/en\/schiffstransport\/\" \/>\n<meta property=\"og:locale\" content=\"en_GB\" \/>\n<meta property=\"og:type\" content=\"article\" \/>\n<meta property=\"og:title\" content=\"SCHIFFSTRANSPORT - ATOMIC SPED\" \/>\n<meta property=\"og:description\" content=\"Internationales Versenden. Schiffstransport von vollen FCL-Containern und Sammel-LCL-Sendungen. Die k\u00fcrzeste Transitzeit auf allen Strecken. www.atomic-sped.at\/schiffstransport\" \/>\n<meta property=\"og:url\" content=\"https:\/\/www.atomic-sped.at\/en\/schiffstransport\/\" \/>\n<meta property=\"og:site_name\" content=\"ATOMIC SPED\" \/>\n<meta property=\"article:publisher\" content=\"https:\/\/www.facebook.com\/atomicspeddoo\/\" \/>\n<meta property=\"article:modified_time\" content=\"2020-12-30T08:51:05+00:00\" \/>\n<meta name=\"twitter:card\" content=\"summary_large_image\" \/>\n<meta name=\"twitter:label1\" content=\"Estimated reading time\" \/>\n\t<meta name=\"twitter:data1\" content=\"2 minutes\" \/>\n<script type=\"application\/ld+json\" class=\"yoast-schema-graph\">{\"@context\":\"https:\\\/\\\/schema.org\",\"@graph\":[{\"@type\":\"WebPage\",\"@id\":\"https:\\\/\\\/www.atomic-sped.at\\\/en\\\/schiffstransport\\\/\",\"url\":\"https:\\\/\\\/www.atomic-sped.at\\\/en\\\/schiffstransport\\\/\",\"name\":\"SCHIFFSTRANSPORT - ATOMIC SPED\",\"isPartOf\":{\"@id\":\"https:\\\/\\\/www.atomic-sped.at\\\/en\\\/#website\"},\"datePublished\":\"2020-05-02T16:19:29+00:00\",\"dateModified\":\"2020-12-30T08:51:05+00:00\",\"description\":\"Internationales Versenden. Schiffstransport von vollen FCL-Containern und Sammel-LCL-Sendungen. Die k\u00fcrzeste Transitzeit auf allen Strecken. www.atomic-sped.at\\\/schiffstransport\",\"breadcrumb\":{\"@id\":\"https:\\\/\\\/www.atomic-sped.at\\\/en\\\/schiffstransport\\\/#breadcrumb\"},\"inLanguage\":\"en-GB\",\"potentialAction\":[{\"@type\":\"ReadAction\",\"target\":[\"https:\\\/\\\/www.atomic-sped.at\\\/en\\\/schiffstransport\\\/\"]}]},{\"@type\":\"BreadcrumbList\",\"@id\":\"https:\\\/\\\/www.atomic-sped.at\\\/en\\\/schiffstransport\\\/#breadcrumb\",\"itemListElement\":[{\"@type\":\"ListItem\",\"position\":1,\"name\":\"Home\",\"item\":\"https:\\\/\\\/www.atomic-sped.at\\\/\"},{\"@type\":\"ListItem\",\"position\":2,\"name\":\"Transport und Logistik\",\"item\":\"https:\\\/\\\/www.atomic-sped.at\\\/\"},{\"@type\":\"ListItem\",\"position\":3,\"name\":\"SCHIFFSTRANSPORT\"}]},{\"@type\":\"WebSite\",\"@id\":\"https:\\\/\\\/www.atomic-sped.at\\\/en\\\/#website\",\"url\":\"https:\\\/\\\/www.atomic-sped.at\\\/en\\\/\",\"name\":\"ATOMIC Sped - \u0160pedicija Srbije i cele Evrope\",\"description\":\"Internationaler Transport und Logistik\",\"publisher\":{\"@id\":\"https:\\\/\\\/www.atomic-sped.at\\\/en\\\/#organization\"},\"potentialAction\":[{\"@type\":\"SearchAction\",\"target\":{\"@type\":\"EntryPoint\",\"urlTemplate\":\"https:\\\/\\\/www.atomic-sped.at\\\/en\\\/?s={search_term_string}\"},\"query-input\":{\"@type\":\"PropertyValueSpecification\",\"valueRequired\":true,\"valueName\":\"search_term_string\"}}],\"inLanguage\":\"en-GB\"},{\"@type\":\"Organization\",\"@id\":\"https:\\\/\\\/www.atomic-sped.at\\\/en\\\/#organization\",\"name\":\"Atomic Sped\",\"url\":\"https:\\\/\\\/www.atomic-sped.at\\\/en\\\/\",\"logo\":{\"@type\":\"ImageObject\",\"inLanguage\":\"en-GB\",\"@id\":\"https:\\\/\\\/www.atomic-sped.at\\\/en\\\/#\\\/schema\\\/logo\\\/image\\\/\",\"url\":\"https:\\\/\\\/www.atomic-sped.at\\\/wp-content\\\/uploads\\\/2018\\\/10\\\/atomic-logo-ORG.png\",\"contentUrl\":\"https:\\\/\\\/www.atomic-sped.at\\\/wp-content\\\/uploads\\\/2018\\\/10\\\/atomic-logo-ORG.png\",\"width\":2482,\"height\":609,\"caption\":\"Atomic Sped\"},\"image\":{\"@id\":\"https:\\\/\\\/www.atomic-sped.at\\\/en\\\/#\\\/schema\\\/logo\\\/image\\\/\"},\"sameAs\":[\"https:\\\/\\\/www.facebook.com\\\/atomicspeddoo\\\/\"]}]}<\/script>\n<!-- \/ Yoast SEO plugin. -->","yoast_head_json":{"title":"SCHIFFSTRANSPORT - ATOMIC SPED","description":"Internationales Versenden. Schiffstransport von vollen FCL-Containern und Sammel-LCL-Sendungen. Die k\u00fcrzeste Transitzeit auf allen Strecken. www.atomic-sped.at\/schiffstransport","robots":{"index":"index","follow":"follow","max-snippet":"max-snippet:-1","max-image-preview":"max-image-preview:large","max-video-preview":"max-video-preview:-1"},"canonical":"https:\/\/www.atomic-sped.at\/en\/schiffstransport\/","og_locale":"en_GB","og_type":"article","og_title":"SCHIFFSTRANSPORT - ATOMIC SPED","og_description":"Internationales Versenden. Schiffstransport von vollen FCL-Containern und Sammel-LCL-Sendungen. Die k\u00fcrzeste Transitzeit auf allen Strecken. www.atomic-sped.at\/schiffstransport","og_url":"https:\/\/www.atomic-sped.at\/en\/schiffstransport\/","og_site_name":"ATOMIC SPED","article_publisher":"https:\/\/www.facebook.com\/atomicspeddoo\/","article_modified_time":"2020-12-30T08:51:05+00:00","twitter_card":"summary_large_image","twitter_misc":{"Estimated reading time":"2 minutes"},"schema":{"@context":"https:\/\/schema.org","@graph":[{"@type":"WebPage","@id":"https:\/\/www.atomic-sped.at\/en\/schiffstransport\/","url":"https:\/\/www.atomic-sped.at\/en\/schiffstransport\/","name":"SCHIFFSTRANSPORT - ATOMIC SPED","isPartOf":{"@id":"https:\/\/www.atomic-sped.at\/en\/#website"},"datePublished":"2020-05-02T16:19:29+00:00","dateModified":"2020-12-30T08:51:05+00:00","description":"Internationales Versenden. Schiffstransport von vollen FCL-Containern und Sammel-LCL-Sendungen. Die k\u00fcrzeste Transitzeit auf allen Strecken. www.atomic-sped.at\/schiffstransport","breadcrumb":{"@id":"https:\/\/www.atomic-sped.at\/en\/schiffstransport\/#breadcrumb"},"inLanguage":"en-GB","potentialAction":[{"@type":"ReadAction","target":["https:\/\/www.atomic-sped.at\/en\/schiffstransport\/"]}]},{"@type":"BreadcrumbList","@id":"https:\/\/www.atomic-sped.at\/en\/schiffstransport\/#breadcrumb","itemListElement":[{"@type":"ListItem","position":1,"name":"Home","item":"https:\/\/www.atomic-sped.at\/"},{"@type":"ListItem","position":2,"name":"Transport und Logistik","item":"https:\/\/www.atomic-sped.at\/"},{"@type":"ListItem","position":3,"name":"SCHIFFSTRANSPORT"}]},{"@type":"WebSite","@id":"https:\/\/www.atomic-sped.at\/en\/#website","url":"https:\/\/www.atomic-sped.at\/en\/","name":"ATOMIC Sped - \u0160pedicija Srbije i cele Evrope","description":"Internationaler Transport und Logistik","publisher":{"@id":"https:\/\/www.atomic-sped.at\/en\/#organization"},"potentialAction":[{"@type":"SearchAction","target":{"@type":"EntryPoint","urlTemplate":"https:\/\/www.atomic-sped.at\/en\/?s={search_term_string}"},"query-input":{"@type":"PropertyValueSpecification","valueRequired":true,"valueName":"search_term_string"}}],"inLanguage":"en-GB"},{"@type":"Organization","@id":"https:\/\/www.atomic-sped.at\/en\/#organization","name":"Atomic Sped","url":"https:\/\/www.atomic-sped.at\/en\/","logo":{"@type":"ImageObject","inLanguage":"en-GB","@id":"https:\/\/www.atomic-sped.at\/en\/#\/schema\/logo\/image\/","url":"https:\/\/www.atomic-sped.at\/wp-content\/uploads\/2018\/10\/atomic-logo-ORG.png","contentUrl":"https:\/\/www.atomic-sped.at\/wp-content\/uploads\/2018\/10\/atomic-logo-ORG.png","width":2482,"height":609,"caption":"Atomic Sped"},"image":{"@id":"https:\/\/www.atomic-sped.at\/en\/#\/schema\/logo\/image\/"},"sameAs":["https:\/\/www.facebook.com\/atomicspeddoo\/"]}]}},"_links":{"self":[{"href":"https:\/\/www.atomic-sped.at\/en\/wp-json\/wp\/v2\/pages\/2355","targetHints":{"allow":["GET"]}}],"collection":[{"href":"https:\/\/www.atomic-sped.at\/en\/wp-json\/wp\/v2\/pages"}],"about":[{"href":"https:\/\/www.atomic-sped.at\/en\/wp-json\/wp\/v2\/types\/page"}],"author":[{"embeddable":true,"href":"https:\/\/www.atomic-sped.at\/en\/wp-json\/wp\/v2\/users\/1"}],"replies":[{"embeddable":true,"href":"https:\/\/www.atomic-sped.at\/en\/wp-json\/wp\/v2\/comments?post=2355"}],"version-history":[{"count":14,"href":"https:\/\/www.atomic-sped.at\/en\/wp-json\/wp\/v2\/pages\/2355\/revisions"}],"predecessor-version":[{"id":2553,"href":"https:\/\/www.atomic-sped.at\/en\/wp-json\/wp\/v2\/pages\/2355\/revisions\/2553"}],"up":[{"embeddable":true,"href":"https:\/\/www.atomic-sped.at\/en\/wp-json\/wp\/v2\/pages\/1569"}],"wp:attachment":[{"href":"https:\/\/www.atomic-sped.at\/en\/wp-json\/wp\/v2\/media?parent=2355"}],"curies":[{"name":"wp","href":"https:\/\/api.w.org\/{rel}","templated":true}]}}