{"id":2564,"date":"2020-11-06T14:40:23","date_gmt":"2020-11-06T14:40:23","guid":{"rendered":"http:\/\/www.atomic-sped.at\/?page_id=2564"},"modified":"2021-01-27T12:25:50","modified_gmt":"2021-01-27T12:25:50","slug":"strassentransport","status":"publish","type":"page","link":"https:\/\/www.atomic-sped.at\/en\/strassentransport\/","title":{"rendered":"ROAD TRANSPORT"},"content":{"rendered":"<div class=\"vc_row wpb_row vc_row-fluid vc_custom_1609322252793\"><div class=\"parallax-wrapper\"><div class=\"wpb_column vc_column_container vc_col-sm-12 vc_col-lg-offset-0 vc_col-md-offset-0\"><div class=\"vc_column-inner vc_custom_1611750254959\"><div class=\"wpb_wrapper\">\n\t<div class=\"wpb_single_image wpb_content_element vc_align_center   wpb_animate_when_almost_visible wpb_fadeIn fadeIn\">\n\t\t<div class=\"wpb_wrapper\">\n\t\t\t\n\t\t\t<div class=\"vc_single_image-wrapper vc_box_shadow_3d  vc_box_border_grey\"><span class=\"vc_box_shadow_3d_wrap\"><img loading=\"lazy\" decoding=\"async\" class=\"vc_single_image-img\" src=\"https:\/\/www.atomic-sped.at\/wp-content\/uploads\/2020\/11\/sleper-sa-logoom-1-1024x374-1.jpg\" width=\"1024\" height=\"374\" alt=\"sleper-sa-logoom-1-1024x374\" title=\"sleper-sa-logoom-1-1024x374\" \/><\/span><\/div>\n\t\t<\/div>\n\t<\/div>\n\n\t<div class=\"wpb_text_column wpb_content_element\" >\n\t\t<div class=\"wpb_wrapper\">\n\t\t\t<p>ATOMIC SPED offers its own vehicle fleets, subcontractors' vehicles, full logistics services FTL (full loads) and LTL (groups).<\/p>\n<p>The 24h \/ 7 GPS tracking service enables us to call up the location of our vehicles, so the customer receives his exact delivery time and can orientate himself on time.<\/p>\n<p>All our vehicles are CMR insured, an ALL RISK insurance can be taken out on request.<\/p>\n<p>We can offer following services:<\/p>\n<ul>\n<li>Goods transport under temperature regime (cold chain)<\/li>\n<li>Transport of oversized shipments (special transport)<\/li>\n<li>Express shipments<\/li>\n<li>move<\/li>\n<\/ul>\n<p>&nbsp;<\/p>\n<p>Goods are transported with all types of trucks:<\/p>\n<p>Standard Tilt<br \/>\nLoading capacity up to 24,000 kg \/ 90 m3 \/ 33ewp<br \/>\n\u27a0 Mega Truck<br \/>\nLoad capacity up to 24,000 kg \/ 100m3 \/ 33ewp space in principle<br \/>\n\u27a0 tandem vehicles<br \/>\nLoad capacity 15,000-22,000 kg \/ 120m3 \/ 36-38ewp space basically<br \/>\n\u27a0 LKWs<br \/>\nLoad capacity up to 3,200 kg \/ 40m3 \/ 15ewp space in principle<br \/>\n\u27a0 Vans<br \/>\nLoad capacity up to 1,200 kg \/ 15m3 \/ 4-9 EWP<br \/>\n\u27a0 Pick up vehicles<br \/>\nLoad capacity up to 800kg \/ 1.5m3 \/ 1ewp space in principle<\/p>\n<p>&nbsp;<\/p>\n<p>We can implement customs representation quickly and efficiently through the following services:<\/p>\n<p>Customs clearance of goods (submission of import \/ export documents, temporary import \/ export, re-export of goods)<br \/>\nRegistration and storage of goods under customs supervision<br \/>\nCustoms storage and gradual customs clearance of goods<br \/>\nPreparation of transit documents at border crossings as well as mediation in the preparation of applications for all types of inspections (hygiene, veterinary medicine, market, phytopathology)<br \/>\nService of using a bank guarantee to secure the collection of customs debts<\/p>\n\n\t\t<\/div>\n\t<\/div>\n<\/div><\/div><\/div><\/div><\/div>","protected":false},"excerpt":{"rendered":"ATOMIC SPED\u00a0 bietet eigene Fahrzeugflotten, Fuhrwerke von Subunternehmern, vollst\u00e4ndige Logistikdienstleistungen FTL \u2013 (Vollbeladungen ) und LTL (Gruppen) an. Der 24h\/7 GPS Verfolgungsdienst erm\u00f6glicht uns den Standort unserer Fahrzeuge abzurufen, dadurch [...]","protected":false},"author":1,"featured_media":2765,"parent":0,"menu_order":1,"comment_status":"closed","ping_status":"closed","template":"","meta":{"footnotes":""},"class_list":["post-2564","page","type-page","status-publish","has-post-thumbnail","hentry","has_thumb"],"yoast_head":"<!-- This site is optimized with the Yoast SEO plugin v27.4 - https:\/\/yoast.com\/product\/yoast-seo-wordpress\/ -->\n<title>STRASSENTRANSPORT - ATOMIC SPED<\/title>\n<meta name=\"description\" content=\"Internationaler und lokaler G\u00fcterverkehr - Ihr zuverl\u00e4ssiger Partner. FTL- (voll) und LTL- (Verladung, Gruppierung) Transporte. Warentransport im Modus (K\u00fchlung). \u00dcbergro\u00dfer (Spezial-) Transport. Umz\u00fcge. www.atomic-sped.at\/STRASSENTRANSPORT\" \/>\n<meta name=\"robots\" content=\"index, follow, max-snippet:-1, max-image-preview:large, max-video-preview:-1\" \/>\n<link rel=\"canonical\" href=\"https:\/\/www.atomic-sped.at\/en\/strassentransport\/\" \/>\n<meta property=\"og:locale\" content=\"en_GB\" \/>\n<meta property=\"og:type\" content=\"article\" \/>\n<meta property=\"og:title\" content=\"STRASSENTRANSPORT - ATOMIC SPED\" \/>\n<meta property=\"og:description\" content=\"Internationaler und lokaler G\u00fcterverkehr - Ihr zuverl\u00e4ssiger Partner. FTL- (voll) und LTL- (Verladung, Gruppierung) Transporte. Warentransport im Modus (K\u00fchlung). \u00dcbergro\u00dfer (Spezial-) Transport. Umz\u00fcge. www.atomic-sped.at\/STRASSENTRANSPORT\" \/>\n<meta property=\"og:url\" content=\"https:\/\/www.atomic-sped.at\/en\/strassentransport\/\" \/>\n<meta property=\"og:site_name\" content=\"ATOMIC SPED\" \/>\n<meta property=\"article:publisher\" content=\"https:\/\/www.facebook.com\/atomicspeddoo\/\" \/>\n<meta property=\"article:modified_time\" content=\"2021-01-27T12:25:50+00:00\" \/>\n<meta property=\"og:image\" content=\"https:\/\/www.atomic-sped.at\/wp-content\/uploads\/2020\/11\/sleper-sa-logoom-e1613983031832.jpg\" \/>\n\t<meta property=\"og:image:width\" content=\"590\" \/>\n\t<meta property=\"og:image:height\" content=\"393\" \/>\n\t<meta property=\"og:image:type\" content=\"image\/jpeg\" \/>\n<meta name=\"twitter:card\" content=\"summary_large_image\" \/>\n<meta name=\"twitter:label1\" content=\"Estimated reading time\" \/>\n\t<meta name=\"twitter:data1\" content=\"1 minute\" \/>\n<script type=\"application\/ld+json\" class=\"yoast-schema-graph\">{\"@context\":\"https:\\\/\\\/schema.org\",\"@graph\":[{\"@type\":\"WebPage\",\"@id\":\"https:\\\/\\\/www.atomic-sped.at\\\/en\\\/strassentransport\\\/\",\"url\":\"https:\\\/\\\/www.atomic-sped.at\\\/en\\\/strassentransport\\\/\",\"name\":\"STRASSENTRANSPORT - ATOMIC SPED\",\"isPartOf\":{\"@id\":\"https:\\\/\\\/www.atomic-sped.at\\\/en\\\/#website\"},\"primaryImageOfPage\":{\"@id\":\"https:\\\/\\\/www.atomic-sped.at\\\/en\\\/strassentransport\\\/#primaryimage\"},\"image\":{\"@id\":\"https:\\\/\\\/www.atomic-sped.at\\\/en\\\/strassentransport\\\/#primaryimage\"},\"thumbnailUrl\":\"https:\\\/\\\/www.atomic-sped.at\\\/wp-content\\\/uploads\\\/2020\\\/11\\\/sleper-sa-logoom-e1613983031832.jpg\",\"datePublished\":\"2020-11-06T14:40:23+00:00\",\"dateModified\":\"2021-01-27T12:25:50+00:00\",\"description\":\"Internationaler und lokaler G\u00fcterverkehr - Ihr zuverl\u00e4ssiger Partner. FTL- (voll) und LTL- (Verladung, Gruppierung) Transporte. Warentransport im Modus (K\u00fchlung). \u00dcbergro\u00dfer (Spezial-) Transport. Umz\u00fcge. www.atomic-sped.at\\\/STRASSENTRANSPORT\",\"breadcrumb\":{\"@id\":\"https:\\\/\\\/www.atomic-sped.at\\\/en\\\/strassentransport\\\/#breadcrumb\"},\"inLanguage\":\"en-GB\",\"potentialAction\":[{\"@type\":\"ReadAction\",\"target\":[\"https:\\\/\\\/www.atomic-sped.at\\\/en\\\/strassentransport\\\/\"]}]},{\"@type\":\"ImageObject\",\"inLanguage\":\"en-GB\",\"@id\":\"https:\\\/\\\/www.atomic-sped.at\\\/en\\\/strassentransport\\\/#primaryimage\",\"url\":\"https:\\\/\\\/www.atomic-sped.at\\\/wp-content\\\/uploads\\\/2020\\\/11\\\/sleper-sa-logoom-e1613983031832.jpg\",\"contentUrl\":\"https:\\\/\\\/www.atomic-sped.at\\\/wp-content\\\/uploads\\\/2020\\\/11\\\/sleper-sa-logoom-e1613983031832.jpg\",\"width\":590,\"height\":393},{\"@type\":\"BreadcrumbList\",\"@id\":\"https:\\\/\\\/www.atomic-sped.at\\\/en\\\/strassentransport\\\/#breadcrumb\",\"itemListElement\":[{\"@type\":\"ListItem\",\"position\":1,\"name\":\"Home\",\"item\":\"https:\\\/\\\/www.atomic-sped.at\\\/\"},{\"@type\":\"ListItem\",\"position\":2,\"name\":\"STRASSENTRANSPORT\"}]},{\"@type\":\"WebSite\",\"@id\":\"https:\\\/\\\/www.atomic-sped.at\\\/en\\\/#website\",\"url\":\"https:\\\/\\\/www.atomic-sped.at\\\/en\\\/\",\"name\":\"ATOMIC Sped - \u0160pedicija Srbije i cele Evrope\",\"description\":\"Internationaler Transport und Logistik\",\"publisher\":{\"@id\":\"https:\\\/\\\/www.atomic-sped.at\\\/en\\\/#organization\"},\"potentialAction\":[{\"@type\":\"SearchAction\",\"target\":{\"@type\":\"EntryPoint\",\"urlTemplate\":\"https:\\\/\\\/www.atomic-sped.at\\\/en\\\/?s={search_term_string}\"},\"query-input\":{\"@type\":\"PropertyValueSpecification\",\"valueRequired\":true,\"valueName\":\"search_term_string\"}}],\"inLanguage\":\"en-GB\"},{\"@type\":\"Organization\",\"@id\":\"https:\\\/\\\/www.atomic-sped.at\\\/en\\\/#organization\",\"name\":\"Atomic Sped\",\"url\":\"https:\\\/\\\/www.atomic-sped.at\\\/en\\\/\",\"logo\":{\"@type\":\"ImageObject\",\"inLanguage\":\"en-GB\",\"@id\":\"https:\\\/\\\/www.atomic-sped.at\\\/en\\\/#\\\/schema\\\/logo\\\/image\\\/\",\"url\":\"https:\\\/\\\/www.atomic-sped.at\\\/wp-content\\\/uploads\\\/2018\\\/10\\\/atomic-logo-ORG.png\",\"contentUrl\":\"https:\\\/\\\/www.atomic-sped.at\\\/wp-content\\\/uploads\\\/2018\\\/10\\\/atomic-logo-ORG.png\",\"width\":2482,\"height\":609,\"caption\":\"Atomic Sped\"},\"image\":{\"@id\":\"https:\\\/\\\/www.atomic-sped.at\\\/en\\\/#\\\/schema\\\/logo\\\/image\\\/\"},\"sameAs\":[\"https:\\\/\\\/www.facebook.com\\\/atomicspeddoo\\\/\"]}]}<\/script>\n<!-- \/ Yoast SEO plugin. -->","yoast_head_json":{"title":"STRASSENTRANSPORT - ATOMIC SPED","description":"Internationaler und lokaler G\u00fcterverkehr - Ihr zuverl\u00e4ssiger Partner. FTL- (voll) und LTL- (Verladung, Gruppierung) Transporte. Warentransport im Modus (K\u00fchlung). \u00dcbergro\u00dfer (Spezial-) Transport. Umz\u00fcge. www.atomic-sped.at\/STRASSENTRANSPORT","robots":{"index":"index","follow":"follow","max-snippet":"max-snippet:-1","max-image-preview":"max-image-preview:large","max-video-preview":"max-video-preview:-1"},"canonical":"https:\/\/www.atomic-sped.at\/en\/strassentransport\/","og_locale":"en_GB","og_type":"article","og_title":"STRASSENTRANSPORT - ATOMIC SPED","og_description":"Internationaler und lokaler G\u00fcterverkehr - Ihr zuverl\u00e4ssiger Partner. FTL- (voll) und LTL- (Verladung, Gruppierung) Transporte. Warentransport im Modus (K\u00fchlung). \u00dcbergro\u00dfer (Spezial-) Transport. Umz\u00fcge. www.atomic-sped.at\/STRASSENTRANSPORT","og_url":"https:\/\/www.atomic-sped.at\/en\/strassentransport\/","og_site_name":"ATOMIC SPED","article_publisher":"https:\/\/www.facebook.com\/atomicspeddoo\/","article_modified_time":"2021-01-27T12:25:50+00:00","og_image":[{"width":590,"height":393,"url":"https:\/\/www.atomic-sped.at\/wp-content\/uploads\/2020\/11\/sleper-sa-logoom-e1613983031832.jpg","type":"image\/jpeg"}],"twitter_card":"summary_large_image","twitter_misc":{"Estimated reading time":"1 minute"},"schema":{"@context":"https:\/\/schema.org","@graph":[{"@type":"WebPage","@id":"https:\/\/www.atomic-sped.at\/en\/strassentransport\/","url":"https:\/\/www.atomic-sped.at\/en\/strassentransport\/","name":"STRASSENTRANSPORT - ATOMIC SPED","isPartOf":{"@id":"https:\/\/www.atomic-sped.at\/en\/#website"},"primaryImageOfPage":{"@id":"https:\/\/www.atomic-sped.at\/en\/strassentransport\/#primaryimage"},"image":{"@id":"https:\/\/www.atomic-sped.at\/en\/strassentransport\/#primaryimage"},"thumbnailUrl":"https:\/\/www.atomic-sped.at\/wp-content\/uploads\/2020\/11\/sleper-sa-logoom-e1613983031832.jpg","datePublished":"2020-11-06T14:40:23+00:00","dateModified":"2021-01-27T12:25:50+00:00","description":"Internationaler und lokaler G\u00fcterverkehr - Ihr zuverl\u00e4ssiger Partner. FTL- (voll) und LTL- (Verladung, Gruppierung) Transporte. Warentransport im Modus (K\u00fchlung). \u00dcbergro\u00dfer (Spezial-) Transport. Umz\u00fcge. www.atomic-sped.at\/STRASSENTRANSPORT","breadcrumb":{"@id":"https:\/\/www.atomic-sped.at\/en\/strassentransport\/#breadcrumb"},"inLanguage":"en-GB","potentialAction":[{"@type":"ReadAction","target":["https:\/\/www.atomic-sped.at\/en\/strassentransport\/"]}]},{"@type":"ImageObject","inLanguage":"en-GB","@id":"https:\/\/www.atomic-sped.at\/en\/strassentransport\/#primaryimage","url":"https:\/\/www.atomic-sped.at\/wp-content\/uploads\/2020\/11\/sleper-sa-logoom-e1613983031832.jpg","contentUrl":"https:\/\/www.atomic-sped.at\/wp-content\/uploads\/2020\/11\/sleper-sa-logoom-e1613983031832.jpg","width":590,"height":393},{"@type":"BreadcrumbList","@id":"https:\/\/www.atomic-sped.at\/en\/strassentransport\/#breadcrumb","itemListElement":[{"@type":"ListItem","position":1,"name":"Home","item":"https:\/\/www.atomic-sped.at\/"},{"@type":"ListItem","position":2,"name":"STRASSENTRANSPORT"}]},{"@type":"WebSite","@id":"https:\/\/www.atomic-sped.at\/en\/#website","url":"https:\/\/www.atomic-sped.at\/en\/","name":"ATOMIC Sped - \u0160pedicija Srbije i cele Evrope","description":"Internationaler Transport und Logistik","publisher":{"@id":"https:\/\/www.atomic-sped.at\/en\/#organization"},"potentialAction":[{"@type":"SearchAction","target":{"@type":"EntryPoint","urlTemplate":"https:\/\/www.atomic-sped.at\/en\/?s={search_term_string}"},"query-input":{"@type":"PropertyValueSpecification","valueRequired":true,"valueName":"search_term_string"}}],"inLanguage":"en-GB"},{"@type":"Organization","@id":"https:\/\/www.atomic-sped.at\/en\/#organization","name":"Atomic Sped","url":"https:\/\/www.atomic-sped.at\/en\/","logo":{"@type":"ImageObject","inLanguage":"en-GB","@id":"https:\/\/www.atomic-sped.at\/en\/#\/schema\/logo\/image\/","url":"https:\/\/www.atomic-sped.at\/wp-content\/uploads\/2018\/10\/atomic-logo-ORG.png","contentUrl":"https:\/\/www.atomic-sped.at\/wp-content\/uploads\/2018\/10\/atomic-logo-ORG.png","width":2482,"height":609,"caption":"Atomic Sped"},"image":{"@id":"https:\/\/www.atomic-sped.at\/en\/#\/schema\/logo\/image\/"},"sameAs":["https:\/\/www.facebook.com\/atomicspeddoo\/"]}]}},"_links":{"self":[{"href":"https:\/\/www.atomic-sped.at\/en\/wp-json\/wp\/v2\/pages\/2564","targetHints":{"allow":["GET"]}}],"collection":[{"href":"https:\/\/www.atomic-sped.at\/en\/wp-json\/wp\/v2\/pages"}],"about":[{"href":"https:\/\/www.atomic-sped.at\/en\/wp-json\/wp\/v2\/types\/page"}],"author":[{"embeddable":true,"href":"https:\/\/www.atomic-sped.at\/en\/wp-json\/wp\/v2\/users\/1"}],"replies":[{"embeddable":true,"href":"https:\/\/www.atomic-sped.at\/en\/wp-json\/wp\/v2\/comments?post=2564"}],"version-history":[{"count":16,"href":"https:\/\/www.atomic-sped.at\/en\/wp-json\/wp\/v2\/pages\/2564\/revisions"}],"predecessor-version":[{"id":2883,"href":"https:\/\/www.atomic-sped.at\/en\/wp-json\/wp\/v2\/pages\/2564\/revisions\/2883"}],"wp:featuredmedia":[{"embeddable":true,"href":"https:\/\/www.atomic-sped.at\/en\/wp-json\/wp\/v2\/media\/2765"}],"wp:attachment":[{"href":"https:\/\/www.atomic-sped.at\/en\/wp-json\/wp\/v2\/media?parent=2564"}],"curies":[{"name":"wp","href":"https:\/\/api.w.org\/{rel}","templated":true}]}}