{"id":2672,"date":"2020-11-11T11:57:50","date_gmt":"2020-11-11T11:57:50","guid":{"rendered":"http:\/\/www.atomic-sped.at\/?page_id=2672"},"modified":"2021-02-22T11:22:54","modified_gmt":"2021-02-22T11:22:54","slug":"zoll-service","status":"publish","type":"page","link":"https:\/\/www.atomic-sped.at\/en\/zolllager\/","title":{"rendered":"CUSTOMS OPERATIONS"},"content":{"rendered":"<div class=\"vc_row wpb_row vc_row-fluid\"><div class=\"parallax-wrapper\"><div class=\"wpb_column vc_column_container vc_col-sm-12\"><div class=\"vc_column-inner vc_custom_1611750426156\"><div class=\"wpb_wrapper\">\n\t<div class=\"wpb_single_image wpb_content_element vc_align_center   vc_custom_1609324174072\">\n\t\t<div class=\"wpb_wrapper\">\n\t\t\t\n\t\t\t<div class=\"vc_single_image-wrapper vc_box_shadow_3d  vc_box_border_grey\"><span class=\"vc_box_shadow_3d_wrap\"><img loading=\"lazy\" decoding=\"async\" class=\"vc_single_image-img\" src=\"https:\/\/www.atomic-sped.at\/wp-content\/uploads\/2020\/11\/Cd5W0hUtSUq8TJoEXrZJCA-e1613725760531-1024x300.jpg\" width=\"1024\" height=\"300\" alt=\"Cd5W0hUtSUq8TJoEXrZJCA\" title=\"Cd5W0hUtSUq8TJoEXrZJCA\" \/><\/span><\/div>\n\t\t<\/div>\n\t<\/div>\n\n\t<div class=\"wpb_text_column wpb_content_element\" >\n\t\t<div class=\"wpb_wrapper\">\n\t\t\t<p><span style=\"font-size: 14pt;\">ATOMIC SPED also offers a fast and reliable customs service in non-EU countries.<\/span><br \/>\n<span style=\"font-size: 14pt;\">Our customs services are:<\/span><\/p>\n<p><span style=\"font-size: 14pt;\">\u2022 Customs clearance of goods (preparation of import \/ export documents, temporary import \/ export, re-export of goods)<\/span><br \/>\n<span style=\"font-size: 14pt;\">\u2022 Preparation of transit documents, border crossings, application implementation of all types of inspections (hygiene, veterinary medicine, market and phytopathology)<\/span><br \/>\n<span style=\"font-size: 14pt;\">\u2022 Service of using a bank guarantee to secure the collection of customs debts<\/span><\/p>\n<p><span style=\"font-size: 14pt;\">With our vehicles we can deliver shipments to overcrowded cities where large trucks cannot arrive. We are also happy to offer moving services (households, offices, companies, etc.), including customs services.<\/span><\/p>\n\n\t\t<\/div>\n\t<\/div>\n<\/div><\/div><\/div><\/div><\/div>","protected":false},"excerpt":{"rendered":"ATOMIC SPED bietet auch in Nicht-EU-L\u00e4ndern einen schnellen und zuverl\u00e4ssigen Zollservice an. Unsere Zolldienstleistungen sind: \u2022 Zollabfertigung von Waren (Vorbereitungen von Import\/ Exportdokumenten, vor\u00fcbergehender Import\/Export, Wiederausfuhr von Waren) \u2022 Vorbereitung [...]","protected":false},"author":1,"featured_media":2763,"parent":0,"menu_order":0,"comment_status":"closed","ping_status":"closed","template":"","meta":{"footnotes":""},"class_list":["post-2672","page","type-page","status-publish","has-post-thumbnail","hentry","has_thumb"],"yoast_head":"<!-- This site is optimized with the Yoast SEO plugin v27.4 - https:\/\/yoast.com\/product\/yoast-seo-wordpress\/ -->\n<title>ZOLL-SERVICE - Transitdokumenten,Grenz\u00fcberg\u00e4ngen - Atomic Sped<\/title>\n<meta name=\"description\" content=\"ATOMIC SPED bietet auch in Nicht-EU-L\u00e4ndern einen schnellen und zuverl\u00e4ssigen Zollservice an. Import\/ Exportdokumenten\" \/>\n<meta name=\"robots\" content=\"index, follow, max-snippet:-1, max-image-preview:large, max-video-preview:-1\" \/>\n<link rel=\"canonical\" href=\"https:\/\/www.atomic-sped.at\/en\/zolllager\/\" \/>\n<meta property=\"og:locale\" content=\"en_GB\" \/>\n<meta property=\"og:type\" content=\"article\" \/>\n<meta property=\"og:title\" content=\"ZOLL-SERVICE - Transitdokumenten,Grenz\u00fcberg\u00e4ngen - Atomic Sped\" \/>\n<meta property=\"og:description\" content=\"ATOMIC SPED bietet auch in Nicht-EU-L\u00e4ndern einen schnellen und zuverl\u00e4ssigen Zollservice an. Import\/ Exportdokumenten\" \/>\n<meta property=\"og:url\" content=\"https:\/\/www.atomic-sped.at\/en\/zolllager\/\" \/>\n<meta property=\"og:site_name\" content=\"ATOMIC SPED\" \/>\n<meta property=\"article:publisher\" content=\"https:\/\/www.facebook.com\/atomicspeddoo\/\" \/>\n<meta property=\"article:modified_time\" content=\"2021-02-22T11:22:54+00:00\" \/>\n<meta property=\"og:image\" content=\"https:\/\/www.atomic-sped.at\/wp-content\/uploads\/2020\/11\/warehouse-e1613983142339.jpg\" \/>\n\t<meta property=\"og:image:width\" content=\"400\" \/>\n\t<meta property=\"og:image:height\" content=\"267\" \/>\n\t<meta property=\"og:image:type\" content=\"image\/jpeg\" \/>\n<meta name=\"twitter:card\" content=\"summary_large_image\" \/>\n<meta name=\"twitter:label1\" content=\"Estimated reading time\" \/>\n\t<meta name=\"twitter:data1\" content=\"1 minute\" \/>\n<script type=\"application\/ld+json\" class=\"yoast-schema-graph\">{\"@context\":\"https:\\\/\\\/schema.org\",\"@graph\":[{\"@type\":\"WebPage\",\"@id\":\"https:\\\/\\\/www.atomic-sped.at\\\/en\\\/zolllager\\\/\",\"url\":\"https:\\\/\\\/www.atomic-sped.at\\\/en\\\/zolllager\\\/\",\"name\":\"ZOLL-SERVICE - Transitdokumenten,Grenz\u00fcberg\u00e4ngen - Atomic Sped\",\"isPartOf\":{\"@id\":\"https:\\\/\\\/www.atomic-sped.at\\\/en\\\/#website\"},\"primaryImageOfPage\":{\"@id\":\"https:\\\/\\\/www.atomic-sped.at\\\/en\\\/zolllager\\\/#primaryimage\"},\"image\":{\"@id\":\"https:\\\/\\\/www.atomic-sped.at\\\/en\\\/zolllager\\\/#primaryimage\"},\"thumbnailUrl\":\"https:\\\/\\\/www.atomic-sped.at\\\/wp-content\\\/uploads\\\/2020\\\/11\\\/warehouse-e1613983142339.jpg\",\"datePublished\":\"2020-11-11T11:57:50+00:00\",\"dateModified\":\"2021-02-22T11:22:54+00:00\",\"description\":\"ATOMIC SPED bietet auch in Nicht-EU-L\u00e4ndern einen schnellen und zuverl\u00e4ssigen Zollservice an. Import\\\/ Exportdokumenten\",\"breadcrumb\":{\"@id\":\"https:\\\/\\\/www.atomic-sped.at\\\/en\\\/zolllager\\\/#breadcrumb\"},\"inLanguage\":\"en-GB\",\"potentialAction\":[{\"@type\":\"ReadAction\",\"target\":[\"https:\\\/\\\/www.atomic-sped.at\\\/en\\\/zolllager\\\/\"]}]},{\"@type\":\"ImageObject\",\"inLanguage\":\"en-GB\",\"@id\":\"https:\\\/\\\/www.atomic-sped.at\\\/en\\\/zolllager\\\/#primaryimage\",\"url\":\"https:\\\/\\\/www.atomic-sped.at\\\/wp-content\\\/uploads\\\/2020\\\/11\\\/warehouse-e1613983142339.jpg\",\"contentUrl\":\"https:\\\/\\\/www.atomic-sped.at\\\/wp-content\\\/uploads\\\/2020\\\/11\\\/warehouse-e1613983142339.jpg\",\"width\":400,\"height\":267},{\"@type\":\"BreadcrumbList\",\"@id\":\"https:\\\/\\\/www.atomic-sped.at\\\/en\\\/zolllager\\\/#breadcrumb\",\"itemListElement\":[{\"@type\":\"ListItem\",\"position\":1,\"name\":\"Home\",\"item\":\"https:\\\/\\\/www.atomic-sped.at\\\/\"},{\"@type\":\"ListItem\",\"position\":2,\"name\":\"ZOLL-SERVICE\"}]},{\"@type\":\"WebSite\",\"@id\":\"https:\\\/\\\/www.atomic-sped.at\\\/en\\\/#website\",\"url\":\"https:\\\/\\\/www.atomic-sped.at\\\/en\\\/\",\"name\":\"ATOMIC Sped - \u0160pedicija Srbije i cele Evrope\",\"description\":\"Internationaler Transport und Logistik\",\"publisher\":{\"@id\":\"https:\\\/\\\/www.atomic-sped.at\\\/en\\\/#organization\"},\"potentialAction\":[{\"@type\":\"SearchAction\",\"target\":{\"@type\":\"EntryPoint\",\"urlTemplate\":\"https:\\\/\\\/www.atomic-sped.at\\\/en\\\/?s={search_term_string}\"},\"query-input\":{\"@type\":\"PropertyValueSpecification\",\"valueRequired\":true,\"valueName\":\"search_term_string\"}}],\"inLanguage\":\"en-GB\"},{\"@type\":\"Organization\",\"@id\":\"https:\\\/\\\/www.atomic-sped.at\\\/en\\\/#organization\",\"name\":\"Atomic Sped\",\"url\":\"https:\\\/\\\/www.atomic-sped.at\\\/en\\\/\",\"logo\":{\"@type\":\"ImageObject\",\"inLanguage\":\"en-GB\",\"@id\":\"https:\\\/\\\/www.atomic-sped.at\\\/en\\\/#\\\/schema\\\/logo\\\/image\\\/\",\"url\":\"https:\\\/\\\/www.atomic-sped.at\\\/wp-content\\\/uploads\\\/2018\\\/10\\\/atomic-logo-ORG.png\",\"contentUrl\":\"https:\\\/\\\/www.atomic-sped.at\\\/wp-content\\\/uploads\\\/2018\\\/10\\\/atomic-logo-ORG.png\",\"width\":2482,\"height\":609,\"caption\":\"Atomic Sped\"},\"image\":{\"@id\":\"https:\\\/\\\/www.atomic-sped.at\\\/en\\\/#\\\/schema\\\/logo\\\/image\\\/\"},\"sameAs\":[\"https:\\\/\\\/www.facebook.com\\\/atomicspeddoo\\\/\"]}]}<\/script>\n<!-- \/ Yoast SEO plugin. -->","yoast_head_json":{"title":"ZOLL-SERVICE - Transitdokumenten,Grenz\u00fcberg\u00e4ngen - Atomic Sped","description":"ATOMIC SPED bietet auch in Nicht-EU-L\u00e4ndern einen schnellen und zuverl\u00e4ssigen Zollservice an. Import\/ Exportdokumenten","robots":{"index":"index","follow":"follow","max-snippet":"max-snippet:-1","max-image-preview":"max-image-preview:large","max-video-preview":"max-video-preview:-1"},"canonical":"https:\/\/www.atomic-sped.at\/en\/zolllager\/","og_locale":"en_GB","og_type":"article","og_title":"ZOLL-SERVICE - Transitdokumenten,Grenz\u00fcberg\u00e4ngen - Atomic Sped","og_description":"ATOMIC SPED bietet auch in Nicht-EU-L\u00e4ndern einen schnellen und zuverl\u00e4ssigen Zollservice an. Import\/ Exportdokumenten","og_url":"https:\/\/www.atomic-sped.at\/en\/zolllager\/","og_site_name":"ATOMIC SPED","article_publisher":"https:\/\/www.facebook.com\/atomicspeddoo\/","article_modified_time":"2021-02-22T11:22:54+00:00","og_image":[{"width":400,"height":267,"url":"https:\/\/www.atomic-sped.at\/wp-content\/uploads\/2020\/11\/warehouse-e1613983142339.jpg","type":"image\/jpeg"}],"twitter_card":"summary_large_image","twitter_misc":{"Estimated reading time":"1 minute"},"schema":{"@context":"https:\/\/schema.org","@graph":[{"@type":"WebPage","@id":"https:\/\/www.atomic-sped.at\/en\/zolllager\/","url":"https:\/\/www.atomic-sped.at\/en\/zolllager\/","name":"ZOLL-SERVICE - Transitdokumenten,Grenz\u00fcberg\u00e4ngen - Atomic Sped","isPartOf":{"@id":"https:\/\/www.atomic-sped.at\/en\/#website"},"primaryImageOfPage":{"@id":"https:\/\/www.atomic-sped.at\/en\/zolllager\/#primaryimage"},"image":{"@id":"https:\/\/www.atomic-sped.at\/en\/zolllager\/#primaryimage"},"thumbnailUrl":"https:\/\/www.atomic-sped.at\/wp-content\/uploads\/2020\/11\/warehouse-e1613983142339.jpg","datePublished":"2020-11-11T11:57:50+00:00","dateModified":"2021-02-22T11:22:54+00:00","description":"ATOMIC SPED bietet auch in Nicht-EU-L\u00e4ndern einen schnellen und zuverl\u00e4ssigen Zollservice an. Import\/ Exportdokumenten","breadcrumb":{"@id":"https:\/\/www.atomic-sped.at\/en\/zolllager\/#breadcrumb"},"inLanguage":"en-GB","potentialAction":[{"@type":"ReadAction","target":["https:\/\/www.atomic-sped.at\/en\/zolllager\/"]}]},{"@type":"ImageObject","inLanguage":"en-GB","@id":"https:\/\/www.atomic-sped.at\/en\/zolllager\/#primaryimage","url":"https:\/\/www.atomic-sped.at\/wp-content\/uploads\/2020\/11\/warehouse-e1613983142339.jpg","contentUrl":"https:\/\/www.atomic-sped.at\/wp-content\/uploads\/2020\/11\/warehouse-e1613983142339.jpg","width":400,"height":267},{"@type":"BreadcrumbList","@id":"https:\/\/www.atomic-sped.at\/en\/zolllager\/#breadcrumb","itemListElement":[{"@type":"ListItem","position":1,"name":"Home","item":"https:\/\/www.atomic-sped.at\/"},{"@type":"ListItem","position":2,"name":"ZOLL-SERVICE"}]},{"@type":"WebSite","@id":"https:\/\/www.atomic-sped.at\/en\/#website","url":"https:\/\/www.atomic-sped.at\/en\/","name":"ATOMIC Sped - \u0160pedicija Srbije i cele Evrope","description":"Internationaler Transport und Logistik","publisher":{"@id":"https:\/\/www.atomic-sped.at\/en\/#organization"},"potentialAction":[{"@type":"SearchAction","target":{"@type":"EntryPoint","urlTemplate":"https:\/\/www.atomic-sped.at\/en\/?s={search_term_string}"},"query-input":{"@type":"PropertyValueSpecification","valueRequired":true,"valueName":"search_term_string"}}],"inLanguage":"en-GB"},{"@type":"Organization","@id":"https:\/\/www.atomic-sped.at\/en\/#organization","name":"Atomic Sped","url":"https:\/\/www.atomic-sped.at\/en\/","logo":{"@type":"ImageObject","inLanguage":"en-GB","@id":"https:\/\/www.atomic-sped.at\/en\/#\/schema\/logo\/image\/","url":"https:\/\/www.atomic-sped.at\/wp-content\/uploads\/2018\/10\/atomic-logo-ORG.png","contentUrl":"https:\/\/www.atomic-sped.at\/wp-content\/uploads\/2018\/10\/atomic-logo-ORG.png","width":2482,"height":609,"caption":"Atomic Sped"},"image":{"@id":"https:\/\/www.atomic-sped.at\/en\/#\/schema\/logo\/image\/"},"sameAs":["https:\/\/www.facebook.com\/atomicspeddoo\/"]}]}},"_links":{"self":[{"href":"https:\/\/www.atomic-sped.at\/en\/wp-json\/wp\/v2\/pages\/2672","targetHints":{"allow":["GET"]}}],"collection":[{"href":"https:\/\/www.atomic-sped.at\/en\/wp-json\/wp\/v2\/pages"}],"about":[{"href":"https:\/\/www.atomic-sped.at\/en\/wp-json\/wp\/v2\/types\/page"}],"author":[{"embeddable":true,"href":"https:\/\/www.atomic-sped.at\/en\/wp-json\/wp\/v2\/users\/1"}],"replies":[{"embeddable":true,"href":"https:\/\/www.atomic-sped.at\/en\/wp-json\/wp\/v2\/comments?post=2672"}],"version-history":[{"count":44,"href":"https:\/\/www.atomic-sped.at\/en\/wp-json\/wp\/v2\/pages\/2672\/revisions"}],"predecessor-version":[{"id":2926,"href":"https:\/\/www.atomic-sped.at\/en\/wp-json\/wp\/v2\/pages\/2672\/revisions\/2926"}],"wp:featuredmedia":[{"embeddable":true,"href":"https:\/\/www.atomic-sped.at\/en\/wp-json\/wp\/v2\/media\/2763"}],"wp:attachment":[{"href":"https:\/\/www.atomic-sped.at\/en\/wp-json\/wp\/v2\/media?parent=2672"}],"curies":[{"name":"wp","href":"https:\/\/api.w.org\/{rel}","templated":true}]}}